{"id":121,"date":"2019-03-28T15:48:17","date_gmt":"2019-03-28T15:48:17","guid":{"rendered":"http:\/\/programm.kulturverein-teisendorf.de\/?page_id=121"},"modified":"2026-02-23T09:12:34","modified_gmt":"2026-02-23T09:12:34","slug":"beitraege","status":"publish","type":"page","link":"http:\/\/programm.kulturverein-teisendorf.de\/","title":{"rendered":"Neues vom Kulturverein:"},"content":{"rendered":"\n<p><\/p>\n\n\n\n<h2><strong>Donnerstag, 23.04.2026, 19:30 Jahreshauptversammlung in der &#8222;Alten Post&#8220; Teisendorf<\/strong><\/h2>\n\n\n\n<h1><strong>Wer hat Lust, im Kulturverein Teisendorf mitzuarbeiten?<\/strong><\/h1>\n\n\n\n<p><strong>Einsetzen der eigenen Kreativit\u00e4t und Organisationsf\u00e4higkeit<\/strong><\/p>\n\n\n\n<p><strong>Teamarbeit mit netten Leuten<\/strong><\/p>\n\n\n\n<p><strong>Attraktive Veranstaltungen in Teisendorf f\u00fcr ein sympathisches Publikum verwirklichen<\/strong><\/p>\n\n\n\n<p><strong>Sich auch in der Vorstandschaft engagieren<\/strong><\/p>\n\n\n\n<h2><strong>Bei Interesse bitte einfach melden per email an kulturverein-teisendorf@web.de oder per Tel. 08666 6673<\/strong><\/h2>\n\n\n\n<div class=\"alignnormal\"><div id=\"metaslider-id-939\" style=\"width: 100%;\" class=\"ml-slider-3-108-0 metaslider metaslider-flex metaslider-939 ml-slider has-dots-nav ms-theme-default-base\" role=\"region\" aria-label=\"Ferienprogramm 2025\" data-height=\"300\" data-width=\"700\">\n    <div id=\"metaslider_container_939\">\n        <div id=\"metaslider_939\">\n            <ul aria-live='off' class='slides'>\n                <li style=\"display: block; width: 100%;\" class=\"slide-941 ms-image \" aria-roledescription=\"slide\" data-date=\"2025-08-11 13:42:33\" data-filename=\"IMG_1580-scaled-700x300.jpeg\" data-slide-type=\"image\"><img src=\"http:\/\/programm.kulturverein-teisendorf.de\/wp-content\/uploads\/2025\/08\/IMG_1580-scaled-700x300.jpeg\" height=\"300\" width=\"700\" alt=\"\" class=\"slider-939 slide-941 msDefaultImage\" title=\"IMG_1580\" \/><\/li>\n                <li style=\"display: none; width: 100%;\" class=\"slide-942 ms-image \" aria-roledescription=\"slide\" data-date=\"2025-08-11 13:42:33\" data-filename=\"IMG_1579-scaled-700x300.jpeg\" data-slide-type=\"image\"><img src=\"http:\/\/programm.kulturverein-teisendorf.de\/wp-content\/uploads\/2025\/08\/IMG_1579-scaled-700x300.jpeg\" height=\"300\" width=\"700\" alt=\"\" class=\"slider-939 slide-942 msDefaultImage\" title=\"IMG_1579\" \/><\/li>\n                <li style=\"display: none; width: 100%;\" class=\"slide-943 ms-image \" aria-roledescription=\"slide\" data-date=\"2025-08-11 13:42:33\" data-filename=\"IMG_1576-scaled-700x300.jpeg\" data-slide-type=\"image\"><img src=\"http:\/\/programm.kulturverein-teisendorf.de\/wp-content\/uploads\/2025\/08\/IMG_1576-scaled-700x300.jpeg\" height=\"300\" width=\"700\" alt=\"\" class=\"slider-939 slide-943 msDefaultImage\" title=\"IMG_1576\" \/><\/li>\n                <li style=\"display: none; width: 100%;\" class=\"slide-944 ms-image \" aria-roledescription=\"slide\" data-date=\"2025-08-11 13:42:34\" data-filename=\"IMG_1574-scaled-700x300.jpeg\" data-slide-type=\"image\"><img src=\"http:\/\/programm.kulturverein-teisendorf.de\/wp-content\/uploads\/2025\/08\/IMG_1574-scaled-700x300.jpeg\" height=\"300\" width=\"700\" alt=\"\" class=\"slider-939 slide-944 msDefaultImage\" title=\"IMG_1574\" \/><\/li>\n                <li style=\"display: none; width: 100%;\" class=\"slide-945 ms-image \" aria-roledescription=\"slide\" data-date=\"2025-08-11 13:42:34\" data-filename=\"IMG_1573-scaled-700x300.jpeg\" data-slide-type=\"image\"><img src=\"http:\/\/programm.kulturverein-teisendorf.de\/wp-content\/uploads\/2025\/08\/IMG_1573-scaled-700x300.jpeg\" height=\"300\" width=\"700\" alt=\"\" class=\"slider-939 slide-945 msDefaultImage\" title=\"IMG_1573\" \/><\/li>\n                <li style=\"display: none; width: 100%;\" class=\"slide-946 ms-image \" aria-roledescription=\"slide\" data-date=\"2025-08-11 13:42:34\" data-filename=\"IMG_1571-scaled-700x300.jpeg\" data-slide-type=\"image\"><img src=\"http:\/\/programm.kulturverein-teisendorf.de\/wp-content\/uploads\/2025\/08\/IMG_1571-scaled-700x300.jpeg\" height=\"300\" width=\"700\" alt=\"\" class=\"slider-939 slide-946 msDefaultImage\" title=\"IMG_1571\" \/><\/li>\n                <li style=\"display: none; width: 100%;\" class=\"slide-947 ms-image \" aria-roledescription=\"slide\" data-date=\"2025-08-11 13:42:34\" data-filename=\"IMG_1570-scaled-700x300.jpeg\" data-slide-type=\"image\"><img src=\"http:\/\/programm.kulturverein-teisendorf.de\/wp-content\/uploads\/2025\/08\/IMG_1570-scaled-700x300.jpeg\" height=\"300\" width=\"700\" alt=\"\" class=\"slider-939 slide-947 msDefaultImage\" title=\"IMG_1570\" \/><\/li>\n                <li style=\"display: none; width: 100%;\" class=\"slide-948 ms-image \" aria-roledescription=\"slide\" data-date=\"2025-08-11 13:42:34\" data-filename=\"IMG_1568-scaled-700x300.jpeg\" data-slide-type=\"image\"><img src=\"http:\/\/programm.kulturverein-teisendorf.de\/wp-content\/uploads\/2025\/08\/IMG_1568-scaled-700x300.jpeg\" height=\"300\" width=\"700\" alt=\"\" class=\"slider-939 slide-948 msDefaultImage\" title=\"IMG_1568\" \/><\/li>\n                <li style=\"display: none; width: 100%;\" class=\"slide-949 ms-image \" aria-roledescription=\"slide\" data-date=\"2025-08-11 13:42:34\" data-filename=\"IMG_1567-scaled-700x300.jpeg\" data-slide-type=\"image\"><img src=\"http:\/\/programm.kulturverein-teisendorf.de\/wp-content\/uploads\/2025\/08\/IMG_1567-scaled-700x300.jpeg\" height=\"300\" width=\"700\" alt=\"\" class=\"slider-939 slide-949 msDefaultImage\" title=\"IMG_1567\" \/><\/li>\n                <li style=\"display: none; width: 100%;\" class=\"slide-950 ms-image \" aria-roledescription=\"slide\" data-date=\"2025-08-11 13:42:34\" data-filename=\"IMG_1566-scaled-700x300.jpeg\" data-slide-type=\"image\"><img src=\"http:\/\/programm.kulturverein-teisendorf.de\/wp-content\/uploads\/2025\/08\/IMG_1566-scaled-700x300.jpeg\" height=\"300\" width=\"700\" alt=\"\" class=\"slider-939 slide-950 msDefaultImage\" title=\"IMG_1566\" \/><\/li>\n                <li style=\"display: none; width: 100%;\" class=\"slide-951 ms-image \" aria-roledescription=\"slide\" data-date=\"2025-08-11 13:42:35\" data-filename=\"IMG_1564-scaled-700x300.jpeg\" data-slide-type=\"image\"><img src=\"http:\/\/programm.kulturverein-teisendorf.de\/wp-content\/uploads\/2025\/08\/IMG_1564-scaled-700x300.jpeg\" height=\"300\" width=\"700\" alt=\"\" class=\"slider-939 slide-951 msDefaultImage\" title=\"IMG_1564\" \/><\/li>\n                <li style=\"display: none; width: 100%;\" class=\"slide-952 ms-image \" aria-roledescription=\"slide\" data-date=\"2025-08-11 13:42:35\" data-filename=\"IMG_1563-scaled-700x300.jpeg\" data-slide-type=\"image\"><img src=\"http:\/\/programm.kulturverein-teisendorf.de\/wp-content\/uploads\/2025\/08\/IMG_1563-scaled-700x300.jpeg\" height=\"300\" width=\"700\" alt=\"\" class=\"slider-939 slide-952 msDefaultImage\" title=\"IMG_1563\" \/><\/li>\n            <\/ul>\n        <\/div>\n        \n    <\/div>\n<\/div><\/div>\n\n\n\n<p>Bilder vom Ferienprogramm 2025: Gestalten mit Ton<\/p>\n\n\n\n<p><\/p>\n\n\n\n<p><\/p>\n\n\n\n<p>Alle Veranstaltungen finden in der<strong> Aula der Grund- und Mittelschule Teisendorf <\/strong>statt und beginnen um <strong>19:30 Uhr.<\/strong><\/p>\n\n\n\n<p>Sie k\u00f6nnen jederzeit Karten oder <strong>Geschenkgutscheine<\/strong> f\u00fcr alle unsere Veranstaltungen per email oder unter Tel. 08666 6673 bestellen!<\/p>\n\n\n\n<figure class=\"wp-block-image size-large is-resized\"><img decoding=\"async\" loading=\"lazy\" src=\"http:\/\/programm.kulturverein-teisendorf.de\/wp-content\/uploads\/2024\/04\/Kulturverein-Spende-Kolping-edited-scaled-e1714462375895-639x1024.jpg\" alt=\"\" class=\"wp-image-815\" width=\"784\" height=\"1256\" srcset=\"http:\/\/programm.kulturverein-teisendorf.de\/wp-content\/uploads\/2024\/04\/Kulturverein-Spende-Kolping-edited-scaled-e1714462375895-639x1024.jpg 639w, http:\/\/programm.kulturverein-teisendorf.de\/wp-content\/uploads\/2024\/04\/Kulturverein-Spende-Kolping-edited-scaled-e1714462375895-187x300.jpg 187w, http:\/\/programm.kulturverein-teisendorf.de\/wp-content\/uploads\/2024\/04\/Kulturverein-Spende-Kolping-edited-scaled-e1714462375895-768x1230.jpg 768w, http:\/\/programm.kulturverein-teisendorf.de\/wp-content\/uploads\/2024\/04\/Kulturverein-Spende-Kolping-edited-scaled-e1714462375895-959x1536.jpg 959w, http:\/\/programm.kulturverein-teisendorf.de\/wp-content\/uploads\/2024\/04\/Kulturverein-Spende-Kolping-edited-scaled-e1714462375895-1279x2048.jpg 1279w, http:\/\/programm.kulturverein-teisendorf.de\/wp-content\/uploads\/2024\/04\/Kulturverein-Spende-Kolping-edited-scaled-e1714462375895.jpg 1590w\" sizes=\"(max-width: 706px) 89vw, (max-width: 767px) 82vw, 740px\" \/><figcaption class=\"wp-element-caption\">EPSON MFP image<\/figcaption><\/figure>\n\n\n\n<p><\/p>\n","protected":false},"excerpt":{"rendered":"<p>Donnerstag, 23.04.2026, 19:30 Jahreshauptversammlung in der &#8222;Alten Post&#8220; Teisendorf Wer hat Lust, im Kulturverein Teisendorf mitzuarbeiten? Einsetzen der eigenen Kreativit\u00e4t und Organisationsf\u00e4higkeit Teamarbeit mit netten Leuten Attraktive Veranstaltungen in Teisendorf f\u00fcr ein sympathisches Publikum verwirklichen Sich auch in der Vorstandschaft engagieren Bei Interesse bitte einfach melden per email an kulturverein-teisendorf@web.de oder per Tel. 08666 6673 &hellip; <\/p>\n<p class=\"link-more\"><a href=\"http:\/\/programm.kulturverein-teisendorf.de\/\" class=\"more-link\"><span class=\"screen-reader-text\">\u201eNeues vom Kulturverein:\u201c <\/span>weiterlesen<\/a><\/p>\n","protected":false},"author":1,"featured_media":0,"parent":0,"menu_order":0,"comment_status":"closed","ping_status":"closed","template":"","meta":[],"_links":{"self":[{"href":"http:\/\/programm.kulturverein-teisendorf.de\/index.php?rest_route=\/wp\/v2\/pages\/121"}],"collection":[{"href":"http:\/\/programm.kulturverein-teisendorf.de\/index.php?rest_route=\/wp\/v2\/pages"}],"about":[{"href":"http:\/\/programm.kulturverein-teisendorf.de\/index.php?rest_route=\/wp\/v2\/types\/page"}],"author":[{"embeddable":true,"href":"http:\/\/programm.kulturverein-teisendorf.de\/index.php?rest_route=\/wp\/v2\/users\/1"}],"replies":[{"embeddable":true,"href":"http:\/\/programm.kulturverein-teisendorf.de\/index.php?rest_route=%2Fwp%2Fv2%2Fcomments&post=121"}],"version-history":[{"count":58,"href":"http:\/\/programm.kulturverein-teisendorf.de\/index.php?rest_route=\/wp\/v2\/pages\/121\/revisions"}],"predecessor-version":[{"id":1007,"href":"http:\/\/programm.kulturverein-teisendorf.de\/index.php?rest_route=\/wp\/v2\/pages\/121\/revisions\/1007"}],"wp:attachment":[{"href":"http:\/\/programm.kulturverein-teisendorf.de\/index.php?rest_route=%2Fwp%2Fv2%2Fmedia&parent=121"}],"curies":[{"name":"wp","href":"https:\/\/api.w.org\/{rel}","templated":true}]}}