{"id":12,"date":"2019-03-07T16:12:21","date_gmt":"2019-03-07T16:12:21","guid":{"rendered":"http:\/\/programm.kulturverein-teisendorf.de\/?page_id=12"},"modified":"2026-03-01T08:49:38","modified_gmt":"2026-03-01T08:49:38","slug":"12-2","status":"publish","type":"page","link":"http:\/\/programm.kulturverein-teisendorf.de\/?page_id=12","title":{"rendered":"Programm 2026"},"content":{"rendered":"\n<h2>Alle Veranstaltungen des Kulturvereins Teisendorf finden in der <strong>Aula der Grund- und Mittelschule Teisendorf statt<\/strong> und beginnen um <strong>19:30 Uhr.<\/strong><\/h2>\n\n\n\n<p><\/p>\n\n\n\n<p><\/p>\n\n\n\n<p><\/p>\n\n\n\n<p><\/p>\n\n\n\n<h2><strong>Preistr\u00e4gerkonzert &#8222;Jugend musiziert&#8220; Matin\u00e9e<\/strong><\/h2>\n\n\n\n<p>Sonntag, 10.05.2026, 11:00 Uhr in der Aula der Grund- und Mittelschule Teisendorf<\/p>\n\n\n\n<p><\/p>\n\n\n\n<figure class=\"wp-block-image size-large\"><img decoding=\"async\" loading=\"lazy\" width=\"1024\" height=\"683\" src=\"http:\/\/programm.kulturverein-teisendorf.de\/wp-content\/uploads\/2024\/05\/Jumu2024-2-1024x683.jpg\" alt=\"\" class=\"wp-image-829\" srcset=\"http:\/\/programm.kulturverein-teisendorf.de\/wp-content\/uploads\/2024\/05\/Jumu2024-2-1024x683.jpg 1024w, http:\/\/programm.kulturverein-teisendorf.de\/wp-content\/uploads\/2024\/05\/Jumu2024-2-300x200.jpg 300w, http:\/\/programm.kulturverein-teisendorf.de\/wp-content\/uploads\/2024\/05\/Jumu2024-2-768x512.jpg 768w, http:\/\/programm.kulturverein-teisendorf.de\/wp-content\/uploads\/2024\/05\/Jumu2024-2-1536x1024.jpg 1536w, http:\/\/programm.kulturverein-teisendorf.de\/wp-content\/uploads\/2024\/05\/Jumu2024-2-2048x1365.jpg 2048w\" sizes=\"(max-width: 706px) 89vw, (max-width: 767px) 82vw, 740px\" \/><\/figure>\n\n\n\n<p><\/p>\n\n\n\n<p>Junge K\u00fcnstlerinnen und K\u00fcnstler pr\u00e4sentieren ihr Wettbewerbsprogramm.<\/p>\n\n\n\n<h2><strong>Arkan Ensemble:<\/strong><\/h2>\n\n\n\n<h2><strong>Samstag, 24.10.2026<\/strong><\/h2>\n\n\n\n<p><\/p>\n\n\n\n<p><\/p>\n\n\n\n<figure class=\"wp-block-image\"><img alt=\"\"\/><\/figure>\n\n\n\n<p><\/p>\n\n\n\n<h2><strong>Ernst Jani:<\/strong><\/h2>\n\n\n\n<h2><strong>Samstag, 14.11.2026<\/strong><\/h2>\n\n\n\n<figure class=\"wp-block-image\"><img alt=\"\"\/><\/figure>\n\n\n\n<figure class=\"wp-block-image\"><img alt=\"\"\/><\/figure>\n\n\n\n<h2>Bilder vom Ferienprogramm 2022<\/h2>\n\n\n\n<div class=\"alignnormal\"><div id=\"metaslider-id-492\" style=\"width: 100%;\" class=\"ml-slider-3-107-0 metaslider metaslider-responsive metaslider-492 ml-slider ms-theme-default\" role=\"region\" aria-label=\"Ferienprogramm 2022 beim K\u00fcnstler Franz Prinke\" data-height=\"538\" data-width=\"938\">\n    <div id=\"metaslider_container_492\">\n        <ul id='metaslider_492' class='rslides'>\n            <li aria-roledescription='slide' aria-labelledby='slide-0'><img src=\"http:\/\/programm.kulturverein-teisendorf.de\/wp-content\/uploads\/2022\/07\/IMG_20220730_151612-scaled-e1659199438416-938x538.jpg\" height=\"538\" width=\"938\" alt=\"\" class=\"slider-492 slide-510 msDefaultImage\" title=\"IMG_20220730_151612\" \/><\/li>\n            <li style='display: none;' aria-roledescription='slide' aria-labelledby='slide-1'><img src=\"http:\/\/programm.kulturverein-teisendorf.de\/wp-content\/uploads\/2022\/07\/IMG_20220730_151550-scaled-e1659199466163-938x538.jpg\" height=\"538\" width=\"938\" alt=\"\" class=\"slider-492 slide-511 msDefaultImage\" title=\"IMG_20220730_151550\" \/><\/li>\n            <li style='display: none;' aria-roledescription='slide' aria-labelledby='slide-2'><img src=\"http:\/\/programm.kulturverein-teisendorf.de\/wp-content\/uploads\/2022\/07\/IMG_20220730_151541-scaled-e1659200219952-938x538.jpg\" height=\"538\" width=\"938\" alt=\"\" class=\"slider-492 slide-512 msDefaultImage\" title=\"IMG_20220730_151541\" \/><\/li>\n            <li style='display: none;' aria-roledescription='slide' aria-labelledby='slide-3'><img src=\"http:\/\/programm.kulturverein-teisendorf.de\/wp-content\/uploads\/2022\/07\/IMG_20220730_113802-scaled-938x538.jpg\" height=\"538\" width=\"938\" alt=\"\" class=\"slider-492 slide-513 msDefaultImage\" title=\"IMG_20220730_113802\" \/><\/li>\n            <li style='display: none;' aria-roledescription='slide' aria-labelledby='slide-4'><img src=\"http:\/\/programm.kulturverein-teisendorf.de\/wp-content\/uploads\/2022\/07\/img_20220730_111316-scaled-938x538.jpg\" height=\"538\" width=\"938\" alt=\"\" class=\"slider-492 slide-514 msDefaultImage\" title=\"img_20220730_111316\" \/><\/li>\n            <li style='display: none;' aria-roledescription='slide' aria-labelledby='slide-5'><img src=\"http:\/\/programm.kulturverein-teisendorf.de\/wp-content\/uploads\/2022\/07\/img_20220730_111128-scaled-938x538.jpg\" height=\"538\" width=\"938\" alt=\"\" class=\"slider-492 slide-515 msDefaultImage\" title=\"img_20220730_111128\" \/><\/li>\n            <li style='display: none;' aria-roledescription='slide' aria-labelledby='slide-6'><img src=\"http:\/\/programm.kulturverein-teisendorf.de\/wp-content\/uploads\/2022\/07\/img_20220730_102826-scaled-938x538.jpg\" height=\"538\" width=\"938\" alt=\"\" class=\"slider-492 slide-516 msDefaultImage\" title=\"img_20220730_102826\" \/><\/li>\n            <li style='display: none;' aria-roledescription='slide' aria-labelledby='slide-7'><img src=\"http:\/\/programm.kulturverein-teisendorf.de\/wp-content\/uploads\/2022\/07\/img_20220730_102808-scaled-938x538.jpg\" height=\"538\" width=\"938\" alt=\"\" class=\"slider-492 slide-517 msDefaultImage\" title=\"img_20220730_102808\" \/><\/li>\n            <li style='display: none;' aria-roledescription='slide' aria-labelledby='slide-8'><img src=\"http:\/\/programm.kulturverein-teisendorf.de\/wp-content\/uploads\/2022\/07\/img_20220730_102734-scaled-938x538.jpg\" height=\"538\" width=\"938\" alt=\"\" class=\"slider-492 slide-640 msDefaultImage\" title=\"img_20220730_102734\" \/><\/li>\n            <li style='display: none;' aria-roledescription='slide' aria-labelledby='slide-9'><img src=\"http:\/\/programm.kulturverein-teisendorf.de\/wp-content\/uploads\/2022\/07\/img_20220730_102642-scaled-938x538.jpg\" height=\"538\" width=\"938\" alt=\"\" class=\"slider-492 slide-641 msDefaultImage\" title=\"img_20220730_102642\" \/><\/li>\n            <li style='display: none;' aria-roledescription='slide' aria-labelledby='slide-10'><img src=\"http:\/\/programm.kulturverein-teisendorf.de\/wp-content\/uploads\/2022\/07\/img_20220730_102621-scaled-938x538.jpg\" height=\"538\" width=\"938\" alt=\"\" class=\"slider-492 slide-642 msDefaultImage\" title=\"img_20220730_102621\" \/><\/li>\n            <li style='display: none;' aria-roledescription='slide' aria-labelledby='slide-11'><img src=\"http:\/\/programm.kulturverein-teisendorf.de\/wp-content\/uploads\/2022\/07\/img_20220730_102609-scaled-938x538.jpg\" height=\"538\" width=\"938\" alt=\"\" class=\"slider-492 slide-643 msDefaultImage\" title=\"img_20220730_102609\" \/><\/li>\n        <\/ul>\n        \n    <\/div>\n<\/div><\/div>\n","protected":false},"excerpt":{"rendered":"<p>Alle Veranstaltungen des Kulturvereins Teisendorf finden in der Aula der Grund- und Mittelschule Teisendorf statt und beginnen um 19:30 Uhr. Preistr\u00e4gerkonzert &#8222;Jugend musiziert&#8220; Matin\u00e9e Sonntag, 10.05.2026, 11:00 Uhr in der Aula der Grund- und Mittelschule Teisendorf Junge K\u00fcnstlerinnen und K\u00fcnstler pr\u00e4sentieren ihr Wettbewerbsprogramm. Arkan Ensemble: Samstag, 24.10.2026 Ernst Jani: Samstag, 14.11.2026 Bilder vom Ferienprogramm 2022<\/p>\n","protected":false},"author":1,"featured_media":0,"parent":0,"menu_order":0,"comment_status":"closed","ping_status":"closed","template":"","meta":[],"_links":{"self":[{"href":"http:\/\/programm.kulturverein-teisendorf.de\/index.php?rest_route=\/wp\/v2\/pages\/12"}],"collection":[{"href":"http:\/\/programm.kulturverein-teisendorf.de\/index.php?rest_route=\/wp\/v2\/pages"}],"about":[{"href":"http:\/\/programm.kulturverein-teisendorf.de\/index.php?rest_route=\/wp\/v2\/types\/page"}],"author":[{"embeddable":true,"href":"http:\/\/programm.kulturverein-teisendorf.de\/index.php?rest_route=\/wp\/v2\/users\/1"}],"replies":[{"embeddable":true,"href":"http:\/\/programm.kulturverein-teisendorf.de\/index.php?rest_route=%2Fwp%2Fv2%2Fcomments&post=12"}],"version-history":[{"count":141,"href":"http:\/\/programm.kulturverein-teisendorf.de\/index.php?rest_route=\/wp\/v2\/pages\/12\/revisions"}],"predecessor-version":[{"id":1010,"href":"http:\/\/programm.kulturverein-teisendorf.de\/index.php?rest_route=\/wp\/v2\/pages\/12\/revisions\/1010"}],"wp:attachment":[{"href":"http:\/\/programm.kulturverein-teisendorf.de\/index.php?rest_route=%2Fwp%2Fv2%2Fmedia&parent=12"}],"curies":[{"name":"wp","href":"https:\/\/api.w.org\/{rel}","templated":true}]}}